{"id":34,"date":"2024-10-23T14:24:51","date_gmt":"2024-10-23T14:24:51","guid":{"rendered":"https:\/\/joseestevesandrade.pt\/?page_id=34"},"modified":"2026-01-23T19:42:48","modified_gmt":"2026-01-23T19:42:48","slug":"quem-somos","status":"publish","type":"page","link":"https:\/\/joseestevesandrade.pt\/","title":{"rendered":"Quem Somos?"},"content":{"rendered":"\n<div class=\"wp-block-media-text is-stacked-on-mobile\" style=\"grid-template-columns:28% auto\"><figure class=\"wp-block-media-text__media\"><img loading=\"lazy\" decoding=\"async\" width=\"1024\" height=\"564\" src=\"https:\/\/joseestevesandrade.pt\/wp-content\/uploads\/2024\/10\/logotipo-JEA-1024x564.jpg\" alt=\"\" class=\"wp-image-33 size-full\" srcset=\"https:\/\/joseestevesandrade.pt\/wp-content\/uploads\/2024\/10\/logotipo-JEA-1024x564.jpg 1024w, https:\/\/joseestevesandrade.pt\/wp-content\/uploads\/2024\/10\/logotipo-JEA-300x165.jpg 300w, https:\/\/joseestevesandrade.pt\/wp-content\/uploads\/2024\/10\/logotipo-JEA-768x423.jpg 768w, https:\/\/joseestevesandrade.pt\/wp-content\/uploads\/2024\/10\/logotipo-JEA.jpg 1051w\" sizes=\"auto, (max-width: 1024px) 100vw, 1024px\" \/><\/figure><div class=\"wp-block-media-text__content\">\n<p class=\"has-text-align-left\">Somos revendedores de g\u00e1s OZ Energia, para os concelhos de Cascais, Oeiras e Sintra. Uma empresa 100% portuguesa, a operar no setor energ\u00e9tico. A&nbsp; empresa Jos\u00e9 Esteves Andrade conta com mais de 35 anos de exist\u00eancia, para lhe garantir o seu maior conforto sem sair de sua casa.<\/p>\n\n\n\n<p class=\"has-text-align-left\">Somos igualmente respons\u00e1veis pela coloca\u00e7\u00e3o e gest\u00e3o de g\u00e1s engarrafado \u00e0 venda em caf\u00e9s, mercearias e noutros locais na nossa \u00e1rea de neg\u00f3cio.<\/p>\n\n\n\n<p class=\"has-text-align-left\">Para os nossos clientes, particulares ou empresariais, comercializamos e distribu\u00edmos g\u00e1s butano e propano  em garrafa de 5,11, 13 e 45 quilos.<\/p>\n<\/div><\/div>\n\n\n\n<hr class=\"wp-block-separator has-alpha-channel-opacity\"\/>\n\n\n\n<p>Fazemos entregas de garrafas de g\u00e1s Oz Energia nos concelhos de: Cascais, Oeiras e Sintra. Receba comodamente os seus produtos em casa de 2\u00aa Feira a Domingo.<\/p>\n\n\n\n<p>O hor\u00e1rio de entregas: de 2\u00aaFeira a 6\u00aaFeira das 9H \u00e0s 20H, S\u00e1bado das 9H \u00e0s 20H, Domingo das 09H \u00e0s 20H.<\/p>\n\n\n\n<p>A pensar em si, dispomos de <strong>pagamento por Multibanco<\/strong>, o TPA acompanha o nosso colaborador na entrega, onde facilmente e, sem aumento de custos, poder\u00e1 efetuar o pagamento da sua garrafa de g\u00e1s.<\/p>\n\n\n\n<hr class=\"wp-block-separator has-alpha-channel-opacity\"\/>\n\n\n\n<div class=\"wp-block-columns is-layout-flex wp-container-core-columns-is-layout-9d6595d7 wp-block-columns-is-layout-flex\">\n<div class=\"wp-block-column is-layout-flow wp-block-column-is-layout-flow\">\n<iframe src=\"https:\/\/www.google.com\/maps\/embed?pb=!1m18!1m12!1m3!1d3113.145189092991!2d-9.351736424733076!3d38.71447547176358!2m3!1f0!2f0!3f0!3m2!1i1024!2i768!4f13.1!3m3!1m2!1s0xd1ecf416b8d4cc9%3A0xe6d256d6884ac1e!2sJos%C3%A9%20Esteves%20Andrade!5e0!3m2!1spt-PT!2spt!4v1731581645389!5m2!1spt-PT!2spt\" width=\"500\" height=\"350\" style=\"border:0;\" allowfullscreen=\"\" loading=\"lazy\" referrerpolicy=\"no-referrer-when-downgrade\"><\/iframe>\n<\/div>\n\n\n\n<div class=\"wp-block-column is-layout-flow wp-block-column-is-layout-flow\">\n<h2 class=\"wp-block-heading\">Onde nos pode encontrar?<\/h2>\n\n\n\n<p>Em Tires, na Pra\u00e7a Fernando Lopes Gra\u00e7a, n\u00ba 156 &#8211; R\/C.<\/p>\n\n\n\n<p>Telefones: 963011180 e 964082345.<\/p>\n<\/div>\n<\/div>\n\n\n\n<div class=\"wp-block-group\"><div class=\"wp-block-group__inner-container is-layout-constrained wp-block-group-is-layout-constrained\">\n<p class=\"has-text-align-center\">Dispomos de Livro de reclama\u00e7\u00f5es em&nbsp;<a href=\"https:\/\/www.livroreclamacoes.pt\/\" target=\"_blank\" rel=\"noopener nofollow\" title=\"\">www.livroreclamacoes.pt<\/a>. Em caso de lit\u00edgio o consumidor pode recorrer a uma Entidade de Resolu\u00e7\u00e3o Alternativa de Lit\u00edgios de Consumo.<\/p>\n\n\n\n<p class=\"has-text-align-center\">Centro de Arbitragem de Conflitos de Consumo de Lisboa&nbsp;<a href=\"http:\/\/www.centroarbitragemlisboa.pt\/\" target=\"_blank\" rel=\"noopener nofollow\" title=\"\">www.centroarbitragemlisboa.pt<\/a>&nbsp;Mais informa\u00e7\u00f5es em Portal do Consumidor&nbsp;<a href=\"http:\/\/www.consumidor.pt\/\" target=\"_blank\" rel=\"noopener nofollow\" title=\"\">www.consumidor.pt<\/a><\/p>\n<\/div><\/div>\n\n\n\n<p><\/p>\n","protected":false},"excerpt":{"rendered":"<p>Somos revendedores de g\u00e1s OZ Energia, para os concelhos de Cascais, Oeiras e Sintra. Uma empresa 100% portuguesa, a operar no setor energ\u00e9tico. A&nbsp; empresa Jos\u00e9 Esteves Andrade conta com mais de 35 anos de exist\u00eancia, para lhe garantir o seu maior conforto sem sair de sua casa. Somos igualmente respons\u00e1veis pela coloca\u00e7\u00e3o e gest\u00e3o [&hellip;]<\/p>\n","protected":false},"author":1,"featured_media":0,"parent":0,"menu_order":0,"comment_status":"closed","ping_status":"closed","template":"templates\/template-page-full-width.php","meta":{"_monsterinsights_skip_tracking":false,"_monsterinsights_sitenote_active":false,"_monsterinsights_sitenote_note":"","_monsterinsights_sitenote_category":0,"footnotes":""},"class_list":["post-34","page","type-page","status-publish","hentry"],"aioseo_notices":[],"_links":{"self":[{"href":"https:\/\/joseestevesandrade.pt\/index.php\/wp-json\/wp\/v2\/pages\/34","targetHints":{"allow":["GET"]}}],"collection":[{"href":"https:\/\/joseestevesandrade.pt\/index.php\/wp-json\/wp\/v2\/pages"}],"about":[{"href":"https:\/\/joseestevesandrade.pt\/index.php\/wp-json\/wp\/v2\/types\/page"}],"author":[{"embeddable":true,"href":"https:\/\/joseestevesandrade.pt\/index.php\/wp-json\/wp\/v2\/users\/1"}],"replies":[{"embeddable":true,"href":"https:\/\/joseestevesandrade.pt\/index.php\/wp-json\/wp\/v2\/comments?post=34"}],"version-history":[{"count":21,"href":"https:\/\/joseestevesandrade.pt\/index.php\/wp-json\/wp\/v2\/pages\/34\/revisions"}],"predecessor-version":[{"id":223,"href":"https:\/\/joseestevesandrade.pt\/index.php\/wp-json\/wp\/v2\/pages\/34\/revisions\/223"}],"wp:attachment":[{"href":"https:\/\/joseestevesandrade.pt\/index.php\/wp-json\/wp\/v2\/media?parent=34"}],"curies":[{"name":"wp","href":"https:\/\/api.w.org\/{rel}","templated":true}]}}