{"id":40,"date":"2024-10-23T14:46:05","date_gmt":"2024-10-23T14:46:05","guid":{"rendered":"https:\/\/joseestevesandrade.pt\/?page_id=40"},"modified":"2025-08-06T17:57:45","modified_gmt":"2025-08-06T17:57:45","slug":"produtos-e-acessorios","status":"publish","type":"page","link":"https:\/\/joseestevesandrade.pt\/index.php\/produtos-e-acessorios\/","title":{"rendered":"Produtos"},"content":{"rendered":"\n<div class=\"wp-block-media-text is-stacked-on-mobile\" style=\"grid-template-columns:33% auto\"><figure class=\"wp-block-media-text__media\"><img loading=\"lazy\" decoding=\"async\" width=\"726\" height=\"726\" src=\"https:\/\/joseestevesandrade.pt\/wp-content\/uploads\/2024\/10\/butano_leve.png\" alt=\"\" class=\"wp-image-42 size-full\" srcset=\"https:\/\/joseestevesandrade.pt\/wp-content\/uploads\/2024\/10\/butano_leve.png 726w, https:\/\/joseestevesandrade.pt\/wp-content\/uploads\/2024\/10\/butano_leve-300x300.png 300w, https:\/\/joseestevesandrade.pt\/wp-content\/uploads\/2024\/10\/butano_leve-150x150.png 150w\" sizes=\"auto, (max-width: 726px) 100vw, 726px\" \/><\/figure><div class=\"wp-block-media-text__content\">\n<p><strong>BUTANO LEVE 13Kg<\/strong><br><em>Produto indicado para uso dom\u00e9stico<\/em><br>MODELO: Butano 13Kg<br>DIMENS\u00d5ES (mm): 537 x 304 ( \u00d8 )<br>TARA (Kg): 7,0<br>MATERIAL: A\u00e7o Carbono<br>PESO TOTAL (Kg): 20,0kg<br>PESO L\u00cdQUIDO (Kg): 13,0kg<br>G\u00c1S DE PETR\u00d3LEO LIQUEFEITO<br>Hidrocarbonetos ricos em C3 e C4<br><\/p>\n<\/div><\/div>\n\n\n\n<div class=\"wp-block-media-text is-stacked-on-mobile\" style=\"grid-template-columns:33% auto\"><figure class=\"wp-block-media-text__media\"><img loading=\"lazy\" decoding=\"async\" width=\"263\" height=\"269\" src=\"https:\/\/joseestevesandrade.pt\/wp-content\/uploads\/2024\/10\/butano_13kg-1.png\" alt=\"\" class=\"wp-image-47 size-full\"\/><\/figure><div class=\"wp-block-media-text__content\">\n<p><strong>BUTANO 13Kg<\/strong><br><em>Produto indicado para uso dom\u00e9stico<\/em><br>MODELO: Butano 13Kg<br>DIMENS\u00d5ES (mm): 537 x 304 ( \u00d8 )<br>TARA (Kg): 15,0 +\/- 1,0<br>MATERIAL: A\u00e7o Carbono<br>PESO TOTAL (Kg): 28,0kg +\/- 1,2<br>PESO L\u00cdQUIDO (Kg): 13,0kg +\/- 0,2<br>G\u00c1S DE PETR\u00d3LEO LIQUEFEITO<br>Hidrocarbonetos ricos em C3 e C4<br><\/p>\n<\/div><\/div>\n\n\n\n<div class=\"wp-block-media-text is-stacked-on-mobile\" style=\"grid-template-columns:33% auto\"><figure class=\"wp-block-media-text__media\"><img loading=\"lazy\" decoding=\"async\" width=\"297\" height=\"261\" src=\"https:\/\/joseestevesandrade.pt\/wp-content\/uploads\/2024\/10\/propano_11kg.png\" alt=\"\" class=\"wp-image-45 size-full\"\/><\/figure><div class=\"wp-block-media-text__content\">\n<p><strong>PROPANO 11Kg<\/strong><br><em>Produto indicado para uso industrial ou dom\u00e9stico<\/em><br>MODELO: Propano 11Kg<br>DIMENS\u00d5ES (mm): 537 x 304 ( \u00d8 )<br>TARA (Kg): 15,0 +\/- 1,0<br>MATERIAL: A\u00e7o Carbono<br>PESO TOTAL (Kg): 26,0kg +\/- 1,2<br>PESO L\u00cdQUIDO (Kg): 11,0kg +\/- 0,2<br>G\u00c1S DE PETR\u00d3LEO LIQUEFEITO<br>Hidrocarbonetos ricos em C3 e C4<br><\/p>\n<\/div><\/div>\n\n\n\n<div class=\"wp-block-media-text is-stacked-on-mobile\" style=\"grid-template-columns:33% auto\"><figure class=\"wp-block-media-text__media\"><img loading=\"lazy\" decoding=\"async\" width=\"298\" height=\"273\" src=\"https:\/\/joseestevesandrade.pt\/wp-content\/uploads\/2024\/10\/propano_5kg.png\" alt=\"\" class=\"wp-image-44 size-full\"\/><\/figure><div class=\"wp-block-media-text__content\">\n<p><strong>PROPANO 5Kg<\/strong><br><em>Produto indicado para uso industrial ou dom\u00e9stico<\/em><br>MODELO: Propano 5Kg<br>DIMENS\u00d5ES (mm): 387 x 304 ( \u00d8 )<br>TARA (Kg): 6,7 +\/- 0,3<br>MATERIAL: A\u00e7o Carbono<br>PESO TOTAL (Kg): 11,7kg +\/- 0,4<br>PESO L\u00cdQUIDO (Kg): 5,0kg +\/- 0,1<br>G\u00c1S DE PETR\u00d3LEO LIQUEFEITO<br>Hidrocarbonetos ricos em C3 e C4<br><\/p>\n<\/div><\/div>\n\n\n\n<div class=\"wp-block-media-text is-stacked-on-mobile\" style=\"grid-template-columns:33% auto\"><figure class=\"wp-block-media-text__media\"><img loading=\"lazy\" decoding=\"async\" width=\"311\" height=\"230\" src=\"https:\/\/joseestevesandrade.pt\/wp-content\/uploads\/2024\/10\/carburante_11kg.jpg\" alt=\"\" class=\"wp-image-43 size-full\" srcset=\"https:\/\/joseestevesandrade.pt\/wp-content\/uploads\/2024\/10\/carburante_11kg.jpg 311w, https:\/\/joseestevesandrade.pt\/wp-content\/uploads\/2024\/10\/carburante_11kg-300x222.jpg 300w\" sizes=\"auto, (max-width: 311px) 100vw, 311px\" \/><\/figure><div class=\"wp-block-media-text__content\">\n<p><strong>CARBURANTE 11Kg<\/strong><br><em>Produto indicado para uso comercial<\/em><br>MODELO: Propano 11 Kg<br>DIMENS\u00d5ES (mm): 551 x 304 ( \u00d8 )<br>TARA (Kg): 15,0 +\/- 1,0<br>MATERIAL: A\u00e7o Carbono<br>PESO TOTAL (Kg): 26,0kg +\/- 1,0<br>PESO L\u00cdQUIDO (Kg): 11,0kg +\/- 0,2<br>G\u00c1S DE PETR\u00d3LEO LIQUEFEITO<br>Hidrocarbonetos ricos em C3 e C4<br><\/p>\n<\/div><\/div>\n\n\n\n<div class=\"wp-block-media-text is-stacked-on-mobile\" style=\"grid-template-columns:34% auto\"><figure class=\"wp-block-media-text__media\"><img loading=\"lazy\" decoding=\"async\" width=\"133\" height=\"367\" src=\"https:\/\/joseestevesandrade.pt\/wp-content\/uploads\/2024\/10\/propano_45kg_2.png\" alt=\"\" class=\"wp-image-70 size-full\" srcset=\"https:\/\/joseestevesandrade.pt\/wp-content\/uploads\/2024\/10\/propano_45kg_2.png 133w, https:\/\/joseestevesandrade.pt\/wp-content\/uploads\/2024\/10\/propano_45kg_2-109x300.png 109w\" sizes=\"auto, (max-width: 133px) 100vw, 133px\" \/><\/figure><div class=\"wp-block-media-text__content\">\n<p><strong>PROPANO 45Kg<\/strong><br><em>Produto indicado para uso dom\u00e9stico, profissional ou industrial<\/em><br>MODELO: Propano 45 Kg<br>DIMENS\u00d5ES (mm): 1199 x 380 ( \u00d8 )<br>TARA (Kg): 35,3 +\/- 1,5<br>MATERIAL: A\u00e7o Carbono<br>PESO TOTAL (Kg): 80,3kg +\/- 1,8<br>PESO L\u00cdQUIDO (Kg): 45,0kg +\/- 0,3<br>G\u00c1S DE PETR\u00d3LEO LIQUEFEITO<br>Hidrocarbonetos ricos em C3 e C4<br><\/p>\n<\/div><\/div>\n\n\n\n<div class=\"wp-block-media-text is-stacked-on-mobile\" style=\"grid-template-columns:34% auto\"><figure class=\"wp-block-media-text__media\"><img loading=\"lazy\" decoding=\"async\" width=\"500\" height=\"500\" src=\"https:\/\/joseestevesandrade.pt\/wp-content\/uploads\/2025\/08\/garrafa-904.jpg\" alt=\"\" class=\"wp-image-213 size-full\" srcset=\"https:\/\/joseestevesandrade.pt\/wp-content\/uploads\/2025\/08\/garrafa-904.jpg 500w, https:\/\/joseestevesandrade.pt\/wp-content\/uploads\/2025\/08\/garrafa-904-300x300.jpg 300w, https:\/\/joseestevesandrade.pt\/wp-content\/uploads\/2025\/08\/garrafa-904-150x150.jpg 150w\" sizes=\"auto, (max-width: 500px) 100vw, 500px\" \/><\/figure><div class=\"wp-block-media-text__content\">\n<p><strong>Garrafa Campingaz 904<\/strong><\/p>\n\n\n\n<p>MODELO: Butano 1.80 Kg<br>DIMENS\u00d5ES (mm): 190 x 200 ( \u00d8 )<br>TARA (Kg): 3,0 +\/- 0.5<br>MATERIAL: A\u00e7o Carbono<br>PESO TOTAL (Kg): 4,80kg +\/- 0.8<br>PESO L\u00cdQUIDO (Kg): 1,80kg +\/- 0,3<br>G\u00c1S DE PETR\u00d3LEO LIQUEFEITO<br>Hidrocarbonetos ricos em C3 e C4<\/p>\n<\/div><\/div>\n\n\n\n<div class=\"wp-block-media-text is-stacked-on-mobile\" style=\"grid-template-columns:35% auto\"><figure class=\"wp-block-media-text__media\"><img loading=\"lazy\" decoding=\"async\" width=\"600\" height=\"600\" src=\"https:\/\/joseestevesandrade.pt\/wp-content\/uploads\/2025\/06\/907-2.jpg\" alt=\"\" class=\"wp-image-195 size-full\" srcset=\"https:\/\/joseestevesandrade.pt\/wp-content\/uploads\/2025\/06\/907-2.jpg 600w, https:\/\/joseestevesandrade.pt\/wp-content\/uploads\/2025\/06\/907-2-300x300.jpg 300w, https:\/\/joseestevesandrade.pt\/wp-content\/uploads\/2025\/06\/907-2-150x150.jpg 150w\" sizes=\"auto, (max-width: 600px) 100vw, 600px\" \/><\/figure><div class=\"wp-block-media-text__content\">\n<p><strong>Garrafa Campingaz 907<\/strong><\/p>\n\n\n\n<p>MODELO: Butano 2.75 Kg<br>DIMENS\u00d5ES (mm): 235 x 203 ( \u00d8 )<br>TARA (Kg): 3,71 +\/- 0.5<br>MATERIAL: A\u00e7o Carbono<br>PESO TOTAL (Kg): 6,46kg +\/- 0.8<br>PESO L\u00cdQUIDO (Kg): 2,75kg +\/- 0,3<br>G\u00c1S DE PETR\u00d3LEO LIQUEFEITO<br>Hidrocarbonetos ricos em C3 e C4<\/p>\n\n\n\n<p><\/p>\n\n\n\n<p><\/p>\n<\/div><\/div>\n\n\n\n<p><\/p>\n","protected":false},"excerpt":{"rendered":"<p>BUTANO LEVE 13KgProduto indicado para uso dom\u00e9sticoMODELO: Butano 13KgDIMENS\u00d5ES (mm): 537 x 304 ( \u00d8 )TARA (Kg): 7,0MATERIAL: A\u00e7o CarbonoPESO TOTAL (Kg): 20,0kgPESO L\u00cdQUIDO (Kg): 13,0kgG\u00c1S DE PETR\u00d3LEO LIQUEFEITOHidrocarbonetos ricos em C3 e C4 BUTANO 13KgProduto indicado para uso dom\u00e9sticoMODELO: Butano 13KgDIMENS\u00d5ES (mm): 537 x 304 ( \u00d8 )TARA (Kg): 15,0 +\/- 1,0MATERIAL: A\u00e7o CarbonoPESO [&hellip;]<\/p>\n","protected":false},"author":1,"featured_media":0,"parent":0,"menu_order":0,"comment_status":"closed","ping_status":"closed","template":"templates\/template-page-full-width.php","meta":{"_monsterinsights_skip_tracking":false,"_monsterinsights_sitenote_active":false,"_monsterinsights_sitenote_note":"","_monsterinsights_sitenote_category":0,"footnotes":""},"class_list":["post-40","page","type-page","status-publish","hentry"],"aioseo_notices":[],"_links":{"self":[{"href":"https:\/\/joseestevesandrade.pt\/index.php\/wp-json\/wp\/v2\/pages\/40","targetHints":{"allow":["GET"]}}],"collection":[{"href":"https:\/\/joseestevesandrade.pt\/index.php\/wp-json\/wp\/v2\/pages"}],"about":[{"href":"https:\/\/joseestevesandrade.pt\/index.php\/wp-json\/wp\/v2\/types\/page"}],"author":[{"embeddable":true,"href":"https:\/\/joseestevesandrade.pt\/index.php\/wp-json\/wp\/v2\/users\/1"}],"replies":[{"embeddable":true,"href":"https:\/\/joseestevesandrade.pt\/index.php\/wp-json\/wp\/v2\/comments?post=40"}],"version-history":[{"count":12,"href":"https:\/\/joseestevesandrade.pt\/index.php\/wp-json\/wp\/v2\/pages\/40\/revisions"}],"predecessor-version":[{"id":215,"href":"https:\/\/joseestevesandrade.pt\/index.php\/wp-json\/wp\/v2\/pages\/40\/revisions\/215"}],"wp:attachment":[{"href":"https:\/\/joseestevesandrade.pt\/index.php\/wp-json\/wp\/v2\/media?parent=40"}],"curies":[{"name":"wp","href":"https:\/\/api.w.org\/{rel}","templated":true}]}}