{"id":92,"date":"2024-10-23T16:18:11","date_gmt":"2024-10-23T16:18:11","guid":{"rendered":"https:\/\/joseestevesandrade.pt\/?page_id=92"},"modified":"2024-11-19T12:13:02","modified_gmt":"2024-11-19T12:13:02","slug":"acessorios","status":"publish","type":"page","link":"https:\/\/joseestevesandrade.pt\/index.php\/acessorios\/","title":{"rendered":"Acess\u00f3rios"},"content":{"rendered":"\n<div class=\"wp-block-media-text is-stacked-on-mobile\" style=\"grid-template-columns:31% auto\"><figure class=\"wp-block-media-text__media\"><img loading=\"lazy\" decoding=\"async\" width=\"505\" height=\"505\" src=\"https:\/\/joseestevesandrade.pt\/wp-content\/uploads\/2024\/11\/lira.jpg\" alt=\"\" class=\"wp-image-185 size-full\" srcset=\"https:\/\/joseestevesandrade.pt\/wp-content\/uploads\/2024\/11\/lira.jpg 505w, https:\/\/joseestevesandrade.pt\/wp-content\/uploads\/2024\/11\/lira-300x300.jpg 300w, https:\/\/joseestevesandrade.pt\/wp-content\/uploads\/2024\/11\/lira-150x150.jpg 150w\" sizes=\"auto, (max-width: 505px) 100vw, 505px\" \/><\/figure><div class=\"wp-block-media-text__content\">\n<p>Lira C\/porca<\/p>\n<\/div><\/div>\n\n\n\n<div class=\"wp-block-media-text is-stacked-on-mobile\" style=\"grid-template-columns:36% auto\"><figure class=\"wp-block-media-text__media\"><img loading=\"lazy\" decoding=\"async\" width=\"264\" height=\"244\" src=\"https:\/\/joseestevesandrade.pt\/wp-content\/uploads\/2024\/10\/bloco_inversor.jpg\" alt=\"\" class=\"wp-image-95 size-full\"\/><\/figure><div class=\"wp-block-media-text__content\">\n<p>Bloco Inversor<\/p>\n<\/div><\/div>\n\n\n\n<div class=\"wp-block-media-text is-stacked-on-mobile\" style=\"grid-template-columns:32% auto\"><figure class=\"wp-block-media-text__media\"><img loading=\"lazy\" decoding=\"async\" width=\"164\" height=\"183\" src=\"https:\/\/joseestevesandrade.pt\/wp-content\/uploads\/2024\/10\/redutor_15.jpg\" alt=\"\" class=\"wp-image-96 size-full\"\/><\/figure><div class=\"wp-block-media-text__content\">\n<p>Redutor 1,5 bar<\/p>\n<\/div><\/div>\n\n\n\n<div class=\"wp-block-media-text is-stacked-on-mobile\" style=\"grid-template-columns:35% auto\"><figure class=\"wp-block-media-text__media\"><img loading=\"lazy\" decoding=\"async\" width=\"196\" height=\"170\" src=\"https:\/\/joseestevesandrade.pt\/wp-content\/uploads\/2024\/10\/redutor_37.jpg\" alt=\"\" class=\"wp-image-97 size-full\"\/><\/figure><div class=\"wp-block-media-text__content\">\n<p>Redutor 37 Mbar<\/p>\n<\/div><\/div>\n\n\n\n<div class=\"wp-block-media-text is-stacked-on-mobile is-vertically-aligned-center\" style=\"grid-template-columns:35% auto\"><figure class=\"wp-block-media-text__media\"><img loading=\"lazy\" decoding=\"async\" width=\"870\" height=\"870\" src=\"https:\/\/joseestevesandrade.pt\/wp-content\/uploads\/2024\/11\/P2.jpg\" alt=\"\" class=\"wp-image-130 size-full\" srcset=\"https:\/\/joseestevesandrade.pt\/wp-content\/uploads\/2024\/11\/P2.jpg 870w, https:\/\/joseestevesandrade.pt\/wp-content\/uploads\/2024\/11\/P2-300x300.jpg 300w, https:\/\/joseestevesandrade.pt\/wp-content\/uploads\/2024\/11\/P2-150x150.jpg 150w, https:\/\/joseestevesandrade.pt\/wp-content\/uploads\/2024\/11\/P2-768x768.jpg 768w\" sizes=\"auto, (max-width: 870px) 100vw, 870px\" \/><\/figure><div class=\"wp-block-media-text__content\">\n<p>Coletor P2 Arco <\/p>\n\n\n\n<p><\/p>\n<\/div><\/div>\n\n\n\n<div class=\"wp-block-media-text is-stacked-on-mobile\" style=\"grid-template-columns:35% auto\"><figure class=\"wp-block-media-text__media\"><img loading=\"lazy\" decoding=\"async\" width=\"450\" height=\"450\" src=\"https:\/\/joseestevesandrade.pt\/wp-content\/uploads\/2024\/11\/Torneira-gas.jpg\" alt=\"\" class=\"wp-image-179 size-full\" srcset=\"https:\/\/joseestevesandrade.pt\/wp-content\/uploads\/2024\/11\/Torneira-gas.jpg 450w, https:\/\/joseestevesandrade.pt\/wp-content\/uploads\/2024\/11\/Torneira-gas-300x300.jpg 300w, https:\/\/joseestevesandrade.pt\/wp-content\/uploads\/2024\/11\/Torneira-gas-150x150.jpg 150w\" sizes=\"auto, (max-width: 450px) 100vw, 450px\" \/><\/figure><div class=\"wp-block-media-text__content\">\n<p>Torneira corte r\u00e1pido  Arco <\/p>\n<\/div><\/div>\n\n\n\n<div class=\"wp-block-media-text is-stacked-on-mobile\" style=\"grid-template-columns:35% auto\"><figure class=\"wp-block-media-text__media\"><img loading=\"lazy\" decoding=\"async\" width=\"676\" height=\"693\" src=\"https:\/\/joseestevesandrade.pt\/wp-content\/uploads\/2024\/11\/macarico.jpg\" alt=\"\" class=\"wp-image-148 size-full\" srcset=\"https:\/\/joseestevesandrade.pt\/wp-content\/uploads\/2024\/11\/macarico.jpg 676w, https:\/\/joseestevesandrade.pt\/wp-content\/uploads\/2024\/11\/macarico-293x300.jpg 293w\" sizes=\"auto, (max-width: 676px) 100vw, 676px\" \/><\/figure><div class=\"wp-block-media-text__content\">\n<p>Ma\u00e7arico G\u00e1s C\/Patilha <\/p>\n\n\n\n<p><\/p>\n<\/div><\/div>\n\n\n\n<div class=\"wp-block-media-text is-stacked-on-mobile\" style=\"grid-template-columns:35% auto\"><figure class=\"wp-block-media-text__media\"><img loading=\"lazy\" decoding=\"async\" width=\"844\" height=\"844\" src=\"https:\/\/joseestevesandrade.pt\/wp-content\/uploads\/2024\/11\/porta-borracha.jpg\" alt=\"\" class=\"wp-image-151 size-full\" srcset=\"https:\/\/joseestevesandrade.pt\/wp-content\/uploads\/2024\/11\/porta-borracha.jpg 844w, https:\/\/joseestevesandrade.pt\/wp-content\/uploads\/2024\/11\/porta-borracha-300x300.jpg 300w, https:\/\/joseestevesandrade.pt\/wp-content\/uploads\/2024\/11\/porta-borracha-150x150.jpg 150w, https:\/\/joseestevesandrade.pt\/wp-content\/uploads\/2024\/11\/porta-borracha-768x768.jpg 768w\" sizes=\"auto, (max-width: 844px) 100vw, 844px\" \/><\/figure><div class=\"wp-block-media-text__content\">\n<p>Porta borracha 1\/4&#8243; NPT Macho <\/p>\n\n\n\n<p><\/p>\n\n\n\n<p><\/p>\n<\/div><\/div>\n\n\n\n<div class=\"wp-block-media-text is-stacked-on-mobile\" style=\"grid-template-columns:35% auto\"><figure class=\"wp-block-media-text__media\"><img loading=\"lazy\" decoding=\"async\" width=\"500\" height=\"445\" src=\"https:\/\/joseestevesandrade.pt\/wp-content\/uploads\/2024\/11\/casquilho-macho-macho.jpg\" alt=\"\" class=\"wp-image-155 size-full\" srcset=\"https:\/\/joseestevesandrade.pt\/wp-content\/uploads\/2024\/11\/casquilho-macho-macho.jpg 500w, https:\/\/joseestevesandrade.pt\/wp-content\/uploads\/2024\/11\/casquilho-macho-macho-300x267.jpg 300w\" sizes=\"auto, (max-width: 500px) 100vw, 500px\" \/><\/figure><div class=\"wp-block-media-text__content\">\n<p>Casquilho Duplo 1\/4&#8243; NPT Macho<\/p>\n\n\n\n<p><\/p>\n\n\n\n<p><\/p>\n<\/div><\/div>\n\n\n\n<div class=\"wp-block-media-text is-stacked-on-mobile\" style=\"grid-template-columns:35% auto\"><figure class=\"wp-block-media-text__media\"><img loading=\"lazy\" decoding=\"async\" width=\"505\" height=\"505\" src=\"https:\/\/joseestevesandrade.pt\/wp-content\/uploads\/2024\/11\/limitador.jpg\" alt=\"\" class=\"wp-image-158 size-full\" srcset=\"https:\/\/joseestevesandrade.pt\/wp-content\/uploads\/2024\/11\/limitador.jpg 505w, https:\/\/joseestevesandrade.pt\/wp-content\/uploads\/2024\/11\/limitador-300x300.jpg 300w, https:\/\/joseestevesandrade.pt\/wp-content\/uploads\/2024\/11\/limitador-150x150.jpg 150w\" sizes=\"auto, (max-width: 505px) 100vw, 505px\" \/><\/figure><div class=\"wp-block-media-text__content\">\n<p>Redutor Cavagna 1.5 Bar <\/p>\n\n\n\n<p><\/p>\n<\/div><\/div>\n\n\n\n<div class=\"wp-block-media-text is-stacked-on-mobile\" style=\"grid-template-columns:35% auto\"><figure class=\"wp-block-media-text__media\"><img loading=\"lazy\" decoding=\"async\" width=\"505\" height=\"505\" src=\"https:\/\/joseestevesandrade.pt\/wp-content\/uploads\/2024\/11\/cavagna-1.5.jpg\" alt=\"\" class=\"wp-image-160 size-full\" srcset=\"https:\/\/joseestevesandrade.pt\/wp-content\/uploads\/2024\/11\/cavagna-1.5.jpg 505w, https:\/\/joseestevesandrade.pt\/wp-content\/uploads\/2024\/11\/cavagna-1.5-300x300.jpg 300w, https:\/\/joseestevesandrade.pt\/wp-content\/uploads\/2024\/11\/cavagna-1.5-150x150.jpg 150w\" sizes=\"auto, (max-width: 505px) 100vw, 505px\" \/><\/figure><div class=\"wp-block-media-text__content\">\n<p>Limitador press\u00e3o Cavagna 1.75 Bar 10kg\/h<\/p>\n<\/div><\/div>\n\n\n\n<div class=\"wp-block-media-text is-stacked-on-mobile\" style=\"grid-template-columns:35% auto\"><figure class=\"wp-block-media-text__media\"><img loading=\"lazy\" decoding=\"async\" width=\"160\" height=\"160\" src=\"https:\/\/joseestevesandrade.pt\/wp-content\/uploads\/2024\/11\/tubo-borracha-butano.jpg\" alt=\"\" class=\"wp-image-163 size-full\" srcset=\"https:\/\/joseestevesandrade.pt\/wp-content\/uploads\/2024\/11\/tubo-borracha-butano.jpg 160w, https:\/\/joseestevesandrade.pt\/wp-content\/uploads\/2024\/11\/tubo-borracha-butano-150x150.jpg 150w\" sizes=\"auto, (max-width: 160px) 100vw, 160px\" \/><\/figure><div class=\"wp-block-media-text__content\">\n<p>Tubo borracha Butano(Mt) <\/p>\n<\/div><\/div>\n\n\n\n<div class=\"wp-block-media-text is-stacked-on-mobile\" style=\"grid-template-columns:35% auto\"><figure class=\"wp-block-media-text__media\"><img loading=\"lazy\" decoding=\"async\" width=\"160\" height=\"160\" src=\"https:\/\/joseestevesandrade.pt\/wp-content\/uploads\/2024\/11\/tubo-borracha-propano.jpg\" alt=\"\" class=\"wp-image-164 size-full\" srcset=\"https:\/\/joseestevesandrade.pt\/wp-content\/uploads\/2024\/11\/tubo-borracha-propano.jpg 160w, https:\/\/joseestevesandrade.pt\/wp-content\/uploads\/2024\/11\/tubo-borracha-propano-150x150.jpg 150w\" sizes=\"auto, (max-width: 160px) 100vw, 160px\" \/><\/figure><div class=\"wp-block-media-text__content\">\n<p>Tubo borracha Propano(Mt) <\/p>\n<\/div><\/div>\n\n\n\n<div class=\"wp-block-media-text is-stacked-on-mobile\"><figure class=\"wp-block-media-text__media\"><img loading=\"lazy\" decoding=\"async\" width=\"870\" height=\"870\" src=\"https:\/\/joseestevesandrade.pt\/wp-content\/uploads\/2024\/11\/redutor-cavagna.jpg\" alt=\"\" class=\"wp-image-188 size-full\" srcset=\"https:\/\/joseestevesandrade.pt\/wp-content\/uploads\/2024\/11\/redutor-cavagna.jpg 870w, https:\/\/joseestevesandrade.pt\/wp-content\/uploads\/2024\/11\/redutor-cavagna-300x300.jpg 300w, https:\/\/joseestevesandrade.pt\/wp-content\/uploads\/2024\/11\/redutor-cavagna-150x150.jpg 150w, https:\/\/joseestevesandrade.pt\/wp-content\/uploads\/2024\/11\/redutor-cavagna-768x768.jpg 768w\" sizes=\"auto, (max-width: 870px) 100vw, 870px\" \/><\/figure><div class=\"wp-block-media-text__content\">\n<p>Redutor 1.5 bar 12kg\/h 1\/4&#8243; Cavagna <\/p>\n<\/div><\/div>\n","protected":false},"excerpt":{"rendered":"<p>Lira C\/porca Bloco Inversor Redutor 1,5 bar Redutor 37 Mbar Coletor P2 Arco Torneira corte r\u00e1pido Arco Ma\u00e7arico G\u00e1s C\/Patilha Porta borracha 1\/4&#8243; NPT Macho Casquilho Duplo 1\/4&#8243; NPT Macho Redutor Cavagna 1.5 Bar Limitador press\u00e3o Cavagna 1.75 Bar 10kg\/h Tubo borracha Butano(Mt) Tubo borracha Propano(Mt) Redutor 1.5 bar 12kg\/h 1\/4&#8243; Cavagna<\/p>\n","protected":false},"author":1,"featured_media":0,"parent":0,"menu_order":0,"comment_status":"closed","ping_status":"closed","template":"templates\/template-page-full-width.php","meta":{"_monsterinsights_skip_tracking":false,"_monsterinsights_sitenote_active":false,"_monsterinsights_sitenote_note":"","_monsterinsights_sitenote_category":0,"footnotes":""},"class_list":["post-92","page","type-page","status-publish","hentry"],"aioseo_notices":[],"_links":{"self":[{"href":"https:\/\/joseestevesandrade.pt\/index.php\/wp-json\/wp\/v2\/pages\/92","targetHints":{"allow":["GET"]}}],"collection":[{"href":"https:\/\/joseestevesandrade.pt\/index.php\/wp-json\/wp\/v2\/pages"}],"about":[{"href":"https:\/\/joseestevesandrade.pt\/index.php\/wp-json\/wp\/v2\/types\/page"}],"author":[{"embeddable":true,"href":"https:\/\/joseestevesandrade.pt\/index.php\/wp-json\/wp\/v2\/users\/1"}],"replies":[{"embeddable":true,"href":"https:\/\/joseestevesandrade.pt\/index.php\/wp-json\/wp\/v2\/comments?post=92"}],"version-history":[{"count":31,"href":"https:\/\/joseestevesandrade.pt\/index.php\/wp-json\/wp\/v2\/pages\/92\/revisions"}],"predecessor-version":[{"id":189,"href":"https:\/\/joseestevesandrade.pt\/index.php\/wp-json\/wp\/v2\/pages\/92\/revisions\/189"}],"wp:attachment":[{"href":"https:\/\/joseestevesandrade.pt\/index.php\/wp-json\/wp\/v2\/media?parent=92"}],"curies":[{"name":"wp","href":"https:\/\/api.w.org\/{rel}","templated":true}]}}